{"id":4121,"date":"2021-06-29T23:14:21","date_gmt":"2021-06-29T21:14:21","guid":{"rendered":"https:\/\/manuelsanchezriera.com\/organico\/"},"modified":"2021-07-03T02:28:15","modified_gmt":"2021-07-03T00:28:15","slug":"biografia","status":"publish","type":"page","link":"https:\/\/manuelsanchezriera.com\/es\/biografia\/","title":{"rendered":"Biograf\u00eda"},"content":{"rendered":"<div class=\"fusion-fullwidth fullwidth-box fusion-builder-row-1 fusion-flex-container nonhundred-percent-fullwidth non-hundred-percent-height-scrolling\" style=\"--awb-border-radius-top-left:0px;--awb-border-radius-top-right:0px;--awb-border-radius-bottom-right:0px;--awb-border-radius-bottom-left:0px;--awb-flex-wrap:wrap;\" ><div class=\"fusion-builder-row fusion-row fusion-flex-align-items-flex-start fusion-flex-content-wrap\" style=\"max-width:1430px;margin-left: calc(-4% \/ 2 );margin-right: calc(-4% \/ 2 );\"><div class=\"fusion-layout-column fusion_builder_column fusion-builder-column-0 fusion_builder_column_1_1 1_1 fusion-flex-column fusion-no-large-visibility\" style=\"--awb-bg-size:cover;--awb-width-large:100%;--awb-margin-top-large:0px;--awb-spacing-right-large:1.92%;--awb-margin-bottom-large:0px;--awb-spacing-left-large:1.92%;--awb-width-medium:100%;--awb-spacing-right-medium:1.92%;--awb-spacing-left-medium:1.92%;--awb-width-small:100%;--awb-spacing-right-small:1.92%;--awb-spacing-left-small:1.92%;\"><div class=\"fusion-column-wrapper fusion-column-has-shadow fusion-flex-justify-content-flex-start fusion-content-layout-column\"><div class=\"fusion-separator fusion-full-width-sep\" style=\"align-self: center;margin-left: auto;margin-right: auto;margin-bottom:3%;width:100%;\"><\/div><\/div><\/div><div class=\"fusion-layout-column fusion_builder_column fusion-builder-column-1 fusion_builder_column_1_2 1_2 fusion-flex-column\" style=\"--awb-bg-size:cover;--awb-width-large:50%;--awb-margin-top-large:0px;--awb-spacing-right-large:8.64%;--awb-margin-bottom-large:7%;--awb-spacing-left-large:3.84%;--awb-width-medium:100%;--awb-spacing-right-medium:1.92%;--awb-spacing-left-medium:1.92%;--awb-width-small:100%;--awb-spacing-right-small:1.92%;--awb-spacing-left-small:1.92%;\"><div class=\"fusion-column-wrapper fusion-column-has-shadow fusion-flex-justify-content-flex-start fusion-content-layout-column\"><div class=\"fusion-image-element \" style=\"--awb-liftup-border-radius:0px;--awb-caption-title-font-family:var(--h2_typography-font-family);--awb-caption-title-font-weight:var(--h2_typography-font-weight);--awb-caption-title-font-style:var(--h2_typography-font-style);--awb-caption-title-size:var(--h2_typography-font-size);--awb-caption-title-transform:var(--h2_typography-text-transform);--awb-caption-title-line-height:var(--h2_typography-line-height);--awb-caption-title-letter-spacing:var(--h2_typography-letter-spacing);\"><div class=\"awb-image-frame awb-image-frame-1 imageframe-liftup fusion-animated\" data-animationType=\"fadeIn\" data-animationDuration=\"1.0\" data-animationOffset=\"top-into-view\"><span class=\" fusion-imageframe imageframe-none imageframe-1\"><img decoding=\"async\" width=\"800\" height=\"1200\" alt=\"Dominic Scott\" title=\"DSC_4421_klein\" src=\"https:\/\/manuelsanchezriera.com\/wp-content\/uploads\/2021\/06\/DSC_4421_klein.jpg\" data-orig-src=\"https:\/\/manuelsanchezriera.com\/wp-content\/uploads\/2021\/06\/DSC_4421_klein.jpg\" class=\"lazyload img-responsive wp-image-4355\" srcset=\"data:image\/svg+xml,%3Csvg%20xmlns%3D%27http%3A%2F%2Fwww.w3.org%2F2000%2Fsvg%27%20width%3D%27800%27%20height%3D%271200%27%20viewBox%3D%270%200%20800%201200%27%3E%3Crect%20width%3D%27800%27%20height%3D%271200%27%20fill-opacity%3D%220%22%2F%3E%3C%2Fsvg%3E\" data-srcset=\"https:\/\/manuelsanchezriera.com\/wp-content\/uploads\/2021\/06\/DSC_4421_klein-200x300.jpg 200w, https:\/\/manuelsanchezriera.com\/wp-content\/uploads\/2021\/06\/DSC_4421_klein-400x600.jpg 400w, https:\/\/manuelsanchezriera.com\/wp-content\/uploads\/2021\/06\/DSC_4421_klein-600x900.jpg 600w, https:\/\/manuelsanchezriera.com\/wp-content\/uploads\/2021\/06\/DSC_4421_klein.jpg 800w\" data-sizes=\"auto\" data-orig-sizes=\"(max-width: 1024px) 100vw, (max-width: 640px) 100vw, 800px\" \/><\/span><\/div><\/div><\/div><\/div><div class=\"fusion-layout-column fusion_builder_column fusion-builder-column-2 fusion_builder_column_1_2 1_2 fusion-flex-column fusion-animated\" style=\"--awb-padding-top:8%;--awb-padding-right:8%;--awb-padding-bottom:8%;--awb-padding-top-medium:0px;--awb-padding-bottom-medium:0px;--awb-bg-size:cover;--awb-width-large:50%;--awb-margin-top-large:0px;--awb-spacing-right-large:3.84%;--awb-margin-bottom-large:7%;--awb-spacing-left-large:8.64%;--awb-width-medium:100%;--awb-spacing-right-medium:1.92%;--awb-margin-bottom-medium:70px;--awb-spacing-left-medium:1.92%;--awb-width-small:100%;--awb-spacing-right-small:1.92%;--awb-spacing-left-small:1.92%;\" data-animationType=\"fadeInUp\" data-animationDuration=\"1.0\" data-animationOffset=\"top-into-view\"><div class=\"fusion-column-wrapper fusion-column-has-shadow fusion-flex-justify-content-flex-start fusion-content-layout-column\"><div class=\"fusion-title title fusion-title-1 fusion-sep-none fusion-title-text fusion-title-size-two\" style=\"--awb-margin-top-small:0px;--awb-margin-right-small:0px;--awb-margin-bottom-small:20px;--awb-margin-left-small:0px;--awb-font-size:70px;\"><h2 class=\"fusion-title-heading title-heading-left fusion-responsive-typography-calculated\" style=\"margin:0;font-size:1em;--fontSize:70;line-height:1.2;\">Manuel S\u00e1nchez Riera<\/h2><\/div><div class=\"fusion-separator\" style=\"align-self: flex-start;margin-right:auto;margin-bottom:8%;width:100%;max-width:70px;\"><div class=\"fusion-separator-border sep-single sep-solid\" style=\"--awb-height:20px;--awb-amount:20px;border-color:#e0dede;border-top-width:1px;\"><\/div><\/div><div class=\"fusion-text fusion-text-1\"><p>Desde peque\u00f1o sent\u00ed fascinaci\u00f3n por la m\u00fasica, como seguramente la mayor\u00eda de nosotros. No obstante, el dia en que me cay\u00f3 un instrumento en las manos esa fascinaci\u00f3n alcanz\u00f3 completamente otra esfera. Descubr\u00ed un medio que me permit\u00eda alcanzar mundos m\u00e1gicos y fascinantes, que no se pueden explicar con palabras. El hecho de tener un veh\u00edculo en las manos, que hace falta dominar, re\u00fane muchas caracter\u00edsticas que cautivan en su esencia.<\/p>\n<\/div><div class=\"fusion-separator fusion-full-width-sep\" style=\"align-self: center;margin-left: auto;margin-right: auto;margin-bottom:3%;width:100%;\"><\/div><\/div><\/div><div class=\"fusion-layout-column fusion_builder_column fusion-builder-column-3 fusion_builder_column_1_2 1_2 fusion-flex-column fusion-animated\" style=\"--awb-padding-top:8%;--awb-padding-right:8%;--awb-padding-bottom:8%;--awb-padding-top-medium:0px;--awb-padding-bottom-medium:0px;--awb-bg-size:cover;--awb-width-large:50%;--awb-margin-top-large:0px;--awb-spacing-right-large:3.84%;--awb-margin-bottom-large:7%;--awb-spacing-left-large:8.64%;--awb-width-medium:100%;--awb-spacing-right-medium:1.92%;--awb-margin-bottom-medium:70px;--awb-spacing-left-medium:1.92%;--awb-width-small:100%;--awb-spacing-right-small:1.92%;--awb-spacing-left-small:1.92%;\" data-animationType=\"fadeInUp\" data-animationDuration=\"1.0\" data-animationOffset=\"top-into-view\"><div class=\"fusion-column-wrapper fusion-column-has-shadow fusion-flex-justify-content-flex-start fusion-content-layout-column\"><div class=\"fusion-separator\" style=\"align-self: flex-start;margin-right:auto;margin-bottom:8%;width:100%;max-width:70px;\"><div class=\"fusion-separator-border sep-single sep-solid\" style=\"--awb-height:20px;--awb-amount:20px;border-color:#e0dede;border-top-width:1px;\"><\/div><\/div><div class=\"fusion-text fusion-text-2\"><p>El instrumento en s\u00ed es una muestra de artesan\u00eda, pues hay que combinar las maderas de manera que se convierta en un cuerpo resonante con un alma m\u00e1s que s\u00f3lo una construcci\u00f3n inerte. . El individuo que lo recibe en sus brazos percibe \u00e9sta, y la reproduce en forma de sonidos que, al largo de su desarrollo, van evolucionando hasta reunir un abanico de tonos y matices. M\u00e1s adelante viene una parte de destreza y coordinaci\u00f3n. Como dominando un juego cual junglar, hay que aprender a accionar gestos en un margen de un mil\u00edmetro.<\/p>\n<\/div><div class=\"fusion-separator fusion-full-width-sep\" style=\"align-self: center;margin-left: auto;margin-right: auto;margin-bottom:3%;width:100%;\"><\/div><\/div><\/div><div class=\"fusion-layout-column fusion_builder_column fusion-builder-column-4 fusion_builder_column_1_2 1_2 fusion-flex-column\" style=\"--awb-bg-size:cover;--awb-width-large:50%;--awb-margin-top-large:0px;--awb-spacing-right-large:8.64%;--awb-margin-bottom-large:7%;--awb-spacing-left-large:3.84%;--awb-width-medium:100%;--awb-order-medium:0;--awb-spacing-right-medium:1.92%;--awb-spacing-left-medium:1.92%;--awb-width-small:100%;--awb-order-small:0;--awb-spacing-right-small:1.92%;--awb-spacing-left-small:1.92%;\"><div class=\"fusion-column-wrapper fusion-column-has-shadow fusion-flex-justify-content-flex-start fusion-content-layout-column\"><div class=\"fusion-image-element \" style=\"--awb-liftup-border-radius:0px;--awb-caption-title-font-family:var(--h2_typography-font-family);--awb-caption-title-font-weight:var(--h2_typography-font-weight);--awb-caption-title-font-style:var(--h2_typography-font-style);--awb-caption-title-size:var(--h2_typography-font-size);--awb-caption-title-transform:var(--h2_typography-text-transform);--awb-caption-title-line-height:var(--h2_typography-line-height);--awb-caption-title-letter-spacing:var(--h2_typography-letter-spacing);\"><div class=\"awb-image-frame awb-image-frame-2 imageframe-liftup fusion-animated\" data-animationType=\"fadeIn\" data-animationDuration=\"1.0\" data-animationOffset=\"top-into-view\"><span class=\" fusion-imageframe imageframe-none imageframe-2\"><img decoding=\"async\" width=\"800\" height=\"1200\" alt=\"Dominic Scott\" title=\"DSC_5104_klein\" src=\"https:\/\/manuelsanchezriera.com\/wp-content\/uploads\/2021\/06\/DSC_5104_klein.jpg\" data-orig-src=\"https:\/\/manuelsanchezriera.com\/wp-content\/uploads\/2021\/06\/DSC_5104_klein.jpg\" class=\"lazyload img-responsive wp-image-4356\" srcset=\"data:image\/svg+xml,%3Csvg%20xmlns%3D%27http%3A%2F%2Fwww.w3.org%2F2000%2Fsvg%27%20width%3D%27800%27%20height%3D%271200%27%20viewBox%3D%270%200%20800%201200%27%3E%3Crect%20width%3D%27800%27%20height%3D%271200%27%20fill-opacity%3D%220%22%2F%3E%3C%2Fsvg%3E\" data-srcset=\"https:\/\/manuelsanchezriera.com\/wp-content\/uploads\/2021\/06\/DSC_5104_klein-200x300.jpg 200w, https:\/\/manuelsanchezriera.com\/wp-content\/uploads\/2021\/06\/DSC_5104_klein-400x600.jpg 400w, https:\/\/manuelsanchezriera.com\/wp-content\/uploads\/2021\/06\/DSC_5104_klein-600x900.jpg 600w, https:\/\/manuelsanchezriera.com\/wp-content\/uploads\/2021\/06\/DSC_5104_klein.jpg 800w\" data-sizes=\"auto\" data-orig-sizes=\"(max-width: 1024px) 100vw, (max-width: 640px) 100vw, 800px\" \/><\/span><\/div><\/div><\/div><\/div><div class=\"fusion-layout-column fusion_builder_column fusion-builder-column-5 fusion_builder_column_1_2 1_2 fusion-flex-column\" style=\"--awb-bg-size:cover;--awb-width-large:50%;--awb-margin-top-large:0px;--awb-spacing-right-large:8.64%;--awb-margin-bottom-large:7%;--awb-spacing-left-large:3.84%;--awb-width-medium:100%;--awb-order-medium:0;--awb-spacing-right-medium:1.92%;--awb-spacing-left-medium:1.92%;--awb-width-small:100%;--awb-order-small:0;--awb-spacing-right-small:1.92%;--awb-spacing-left-small:1.92%;\"><div class=\"fusion-column-wrapper fusion-column-has-shadow fusion-flex-justify-content-flex-start fusion-content-layout-column\"><div class=\"fusion-image-element \" style=\"--awb-liftup-border-radius:0px;--awb-caption-title-font-family:var(--h2_typography-font-family);--awb-caption-title-font-weight:var(--h2_typography-font-weight);--awb-caption-title-font-style:var(--h2_typography-font-style);--awb-caption-title-size:var(--h2_typography-font-size);--awb-caption-title-transform:var(--h2_typography-text-transform);--awb-caption-title-line-height:var(--h2_typography-line-height);--awb-caption-title-letter-spacing:var(--h2_typography-letter-spacing);\"><div class=\"awb-image-frame awb-image-frame-3 imageframe-liftup fusion-animated\" data-animationType=\"fadeIn\" data-animationDuration=\"1.0\" data-animationOffset=\"top-into-view\"><span class=\" fusion-imageframe imageframe-none imageframe-3\"><img decoding=\"async\" width=\"640\" height=\"960\" alt=\"Dominic Scott\" title=\"22851859_1727894417518152_6590593421770238839_n\" src=\"https:\/\/manuelsanchezriera.com\/wp-content\/uploads\/2021\/06\/22851859_1727894417518152_6590593421770238839_n.jpg\" data-orig-src=\"https:\/\/manuelsanchezriera.com\/wp-content\/uploads\/2021\/06\/22851859_1727894417518152_6590593421770238839_n.jpg\" class=\"lazyload img-responsive wp-image-4357\" srcset=\"data:image\/svg+xml,%3Csvg%20xmlns%3D%27http%3A%2F%2Fwww.w3.org%2F2000%2Fsvg%27%20width%3D%27640%27%20height%3D%27960%27%20viewBox%3D%270%200%20640%20960%27%3E%3Crect%20width%3D%27640%27%20height%3D%27960%27%20fill-opacity%3D%220%22%2F%3E%3C%2Fsvg%3E\" data-srcset=\"https:\/\/manuelsanchezriera.com\/wp-content\/uploads\/2021\/06\/22851859_1727894417518152_6590593421770238839_n-200x300.jpg 200w, https:\/\/manuelsanchezriera.com\/wp-content\/uploads\/2021\/06\/22851859_1727894417518152_6590593421770238839_n-400x600.jpg 400w, https:\/\/manuelsanchezriera.com\/wp-content\/uploads\/2021\/06\/22851859_1727894417518152_6590593421770238839_n-600x900.jpg 600w, https:\/\/manuelsanchezriera.com\/wp-content\/uploads\/2021\/06\/22851859_1727894417518152_6590593421770238839_n.jpg 640w\" data-sizes=\"auto\" data-orig-sizes=\"(max-width: 1024px) 100vw, (max-width: 640px) 100vw, 640px\" \/><\/span><\/div><\/div><\/div><\/div><div class=\"fusion-layout-column fusion_builder_column fusion-builder-column-6 fusion_builder_column_1_2 1_2 fusion-flex-column fusion-animated\" style=\"--awb-padding-top:8%;--awb-padding-right:8%;--awb-padding-bottom:8%;--awb-padding-bottom-medium:0px;--awb-bg-size:cover;--awb-width-large:50%;--awb-margin-top-large:0px;--awb-spacing-right-large:3.84%;--awb-margin-bottom-large:0px;--awb-spacing-left-large:8.64%;--awb-width-medium:100%;--awb-spacing-right-medium:1.92%;--awb-spacing-left-medium:1.92%;--awb-width-small:100%;--awb-spacing-right-small:1.92%;--awb-spacing-left-small:1.92%;\" data-animationType=\"fadeInUp\" data-animationDuration=\"1.0\" data-animationOffset=\"top-into-view\"><div class=\"fusion-column-wrapper fusion-column-has-shadow fusion-flex-justify-content-flex-start fusion-content-layout-column\"><div class=\"fusion-separator\" style=\"align-self: flex-start;margin-right:auto;margin-bottom:8%;width:100%;max-width:70px;\"><div class=\"fusion-separator-border sep-single sep-solid\" style=\"--awb-height:20px;--awb-amount:20px;border-color:#e0dede;border-top-width:1px;\"><\/div><\/div><div class=\"fusion-text fusion-text-3\"><p>En cuanto m\u00e1s uno aprofundiza en el desempe\u00f1o de tocar, el instrumento desaparece y s\u00f3lo existe el material sonoro. Es aqu\u00ed el punto que une al int\u00e9rprete con el oyente, pues el primero se convierte en el segundo, al haberse difuminado el instrumento que hasta hace bien poco, yac\u00eda en sus manos. Empujado por esa pasi\u00f3n, curs\u00e9 mis estudios en Barcelona, C\u00f3rdoba y Alemania. Despu\u00e9s de la consecuci\u00f3n de los mismos, toqu\u00e9 el concierto de Aranjuez con orquesta y en salas de concierto emblem\u00e1ticas de la geograf\u00eda nacional, as\u00ed como particip\u00e9 en festivales internacionales de m\u00fasica.<br \/>\nAhora compagino la docencia con la actividad concert\u00edstica, y eventualmente alguna composici\u00f3n.<\/p>\n<\/div><div class=\"fusion-separator fusion-full-width-sep\" style=\"align-self: center;margin-left: auto;margin-right: auto;margin-bottom:3%;width:100%;\"><\/div><\/div><\/div><\/div><\/div>\n","protected":false},"excerpt":{"rendered":"","protected":false},"author":1,"featured_media":3680,"parent":0,"menu_order":0,"comment_status":"closed","ping_status":"closed","template":"100-width.php","meta":{"footnotes":""},"class_list":["post-4121","page","type-page","status-publish","has-post-thumbnail","hentry"],"_links":{"self":[{"href":"https:\/\/manuelsanchezriera.com\/es\/wp-json\/wp\/v2\/pages\/4121","targetHints":{"allow":["GET"]}}],"collection":[{"href":"https:\/\/manuelsanchezriera.com\/es\/wp-json\/wp\/v2\/pages"}],"about":[{"href":"https:\/\/manuelsanchezriera.com\/es\/wp-json\/wp\/v2\/types\/page"}],"author":[{"embeddable":true,"href":"https:\/\/manuelsanchezriera.com\/es\/wp-json\/wp\/v2\/users\/1"}],"replies":[{"embeddable":true,"href":"https:\/\/manuelsanchezriera.com\/es\/wp-json\/wp\/v2\/comments?post=4121"}],"version-history":[{"count":10,"href":"https:\/\/manuelsanchezriera.com\/es\/wp-json\/wp\/v2\/pages\/4121\/revisions"}],"predecessor-version":[{"id":4457,"href":"https:\/\/manuelsanchezriera.com\/es\/wp-json\/wp\/v2\/pages\/4121\/revisions\/4457"}],"wp:featuredmedia":[{"embeddable":true,"href":"https:\/\/manuelsanchezriera.com\/es\/wp-json\/wp\/v2\/media\/3680"}],"wp:attachment":[{"href":"https:\/\/manuelsanchezriera.com\/es\/wp-json\/wp\/v2\/media?parent=4121"}],"curies":[{"name":"wp","href":"https:\/\/api.w.org\/{rel}","templated":true}]}}