{"id":4086,"date":"2021-06-29T23:14:14","date_gmt":"2021-06-29T21:14:14","guid":{"rendered":"https:\/\/manuelsanchezriera.com\/pie-de-imprenta\/"},"modified":"2021-07-03T02:35:02","modified_gmt":"2021-07-03T00:35:02","slug":"aviso-legal","status":"publish","type":"page","link":"https:\/\/manuelsanchezriera.com\/es\/aviso-legal\/","title":{"rendered":"Aviso legal"},"content":{"rendered":"<h2>Informaci\u00f3n seg\u00fan el art\u00edculo 5 de la TMG<\/h2>\n<p>Manuel S\u00e1nchez Riera<\/p>\n<p>W\u00fcrzburger Str. 53<br \/>\n51103 Colonia<\/p>\n<h2>Contacto<\/h2>\n<p>Tel\u00e9fono: +49 22125979167<br \/>\nCorreo electr\u00f3nico: info@manuelsanchezriera.com<\/p>\n<h2>Resoluci\u00f3n de litigios en materia de consumo\/junta arbitral universal<\/h2>\n<p>No estamos dispuestos ni obligados a participar en un procedimiento de resoluci\u00f3n de conflictos ante una junta de arbitraje de consumo.<\/p>\n<p style=\"font-size: 0.5em;\">Fuente <a href=\"https:\/\/www.e-recht24.de\">: https:\/\/www.e-recht24.de<\/a><\/p>\n","protected":false},"excerpt":{"rendered":"<p>Informaci\u00f3n seg\u00fan el art\u00edculo 5 de la TMG Manuel S\u00e1nchez  [&#8230;]<\/p>\n","protected":false},"author":1,"featured_media":0,"parent":0,"menu_order":0,"comment_status":"closed","ping_status":"closed","template":"","meta":{"footnotes":""},"class_list":["post-4086","page","type-page","status-publish","hentry"],"_links":{"self":[{"href":"https:\/\/manuelsanchezriera.com\/es\/wp-json\/wp\/v2\/pages\/4086","targetHints":{"allow":["GET"]}}],"collection":[{"href":"https:\/\/manuelsanchezriera.com\/es\/wp-json\/wp\/v2\/pages"}],"about":[{"href":"https:\/\/manuelsanchezriera.com\/es\/wp-json\/wp\/v2\/types\/page"}],"author":[{"embeddable":true,"href":"https:\/\/manuelsanchezriera.com\/es\/wp-json\/wp\/v2\/users\/1"}],"replies":[{"embeddable":true,"href":"https:\/\/manuelsanchezriera.com\/es\/wp-json\/wp\/v2\/comments?post=4086"}],"version-history":[{"count":2,"href":"https:\/\/manuelsanchezriera.com\/es\/wp-json\/wp\/v2\/pages\/4086\/revisions"}],"predecessor-version":[{"id":4472,"href":"https:\/\/manuelsanchezriera.com\/es\/wp-json\/wp\/v2\/pages\/4086\/revisions\/4472"}],"wp:attachment":[{"href":"https:\/\/manuelsanchezriera.com\/es\/wp-json\/wp\/v2\/media?parent=4086"}],"curies":[{"name":"wp","href":"https:\/\/api.w.org\/{rel}","templated":true}]}}